{"id":2,"date":"2024-07-04T20:21:45","date_gmt":"2024-07-04T20:21:45","guid":{"rendered":"https:\/\/www.centropsicologicocpc.es\/adicciones\/?page_id=2"},"modified":"2024-07-04T22:55:00","modified_gmt":"2024-07-04T22:55:00","slug":"sample-page","status":"publish","type":"page","link":"https:\/\/www.centropsicologicocpc.es\/adicciones\/sample-page\/","title":{"rendered":"\u00bfD\u00f3nde estamos?"},"content":{"rendered":"\n<p class=\"\">Tenemos dos centros a su disposici\u00f3n en la ciudad de San Crist\u00f3bal de La Laguna.<\/p>\n\n\n\n<p class=\"has-text-align-center has-medium-font-size\" style=\"text-transform:uppercase\">Avenida de Los Menceyes, 232, 1\u00aa planta. <\/p>\n\n\n\n<p class=\"has-text-align-center has-medium-font-size\" style=\"text-transform:uppercase\">38320. La Cuesta &#8211; La Laguna.<\/p>\n\n\n\n<center><iframe src=\"https:\/\/www.google.com\/maps\/embed?pb=!1m18!1m12!1m3!1d3507.338268803591!2d-16.29550908744259!3d28.469357791368225!2m3!1f0!2f0!3f0!3m2!1i1024!2i768!4f13.1!3m3!1m2!1s0xc41ccf8a9c73781%3A0x1bdf3e8cf48fcfb1!2sCentro%20Psic%C3%B3logico%20Cpc!5e0!3m2!1ses!2ses!4v1709676779013!5m2!1ses!2ses\" width=\"600\" height=\"450\" style=\"border:0;\" allowfullscreen=\"\" loading=\"lazy\" referrerpolicy=\"no-referrer-when-downgrade\"><\/iframe><\/center>\n\n\n\n<p class=\"has-text-align-center has-medium-font-size\" style=\"text-transform:uppercase\">Avenida La Candelaria, 27. Oficina 7. <\/p>\n\n\n\n<p class=\"has-text-align-center has-medium-font-size\" style=\"text-transform:uppercase\">38206. San Benito &#8211; La Laguna.<\/p>\n\n\n\n<center><iframe src=\"https:\/\/www.google.com\/maps\/embed?pb=!1m18!1m12!1m3!1d876.6695124674806!2d-16.328413964961882!3d28.48924087326969!2m3!1f0!2f0!3f0!3m2!1i1024!2i768!4f13.1!3m3!1m2!1s0xc41cdeb3fce700b%3A0x656976aee77e60f5!2sAv.%20de%20la%20Candelaria%2C%2027%2C%2038206%20La%20Laguna%2C%20Santa%20Cruz%20de%20Tenerife!5e0!3m2!1ses!2ses!4v1709676881537!5m2!1ses!2ses\" width=\"600\" height=\"450\" style=\"border:0;\" allowfullscreen=\"\" loading=\"lazy\" referrerpolicy=\"no-referrer-when-downgrade\"><\/iframe><\/center>\n\n\n\n<hr class=\"wp-block-separator has-alpha-channel-opacity\"\/>\n\n\n\n<p class=\"has-text-align-center\">info@centropsicologicocpc.es<\/p>\n\n\n\n<p class=\"has-text-align-center\"><a href=\"http:\/\/www.centropsicologicocpc.es\">https:\/\/www.centropsicologicocpc.es<\/a><\/p>\n\n\n\n<p class=\"has-text-align-center\">Tel\u00e9fono: 665 300 435<\/p>\n\n\n\n<p class=\"has-text-align-center\" style=\"letter-spacing:5px;text-transform:uppercase\"><a href=\"https:\/\/www.facebook.com\/centropsicologicodecanarias\">facebook<\/a> | <a href=\"https:\/\/www.linkedin.com\/profile\/view?id=316710282\">LinkedIn<\/a> | <a href=\"https:\/\/twitter.com\/CentroPsicolCan\">X<\/a><\/p>\n","protected":false},"excerpt":{"rendered":"<p>Tenemos dos centros a su disposici\u00f3n en la ciudad de San Crist\u00f3bal de La Laguna. Avenida de Los Menceyes, 232, 1\u00aa planta. 38320. La Cuesta &#8211; La Laguna. Avenida La Candelaria, 27. Oficina 7. 38206. San Benito &#8211; La Laguna. info@centropsicologicocpc.es https:\/\/www.centropsicologicocpc.es Tel\u00e9fono: 665 300 435 facebook | LinkedIn | X<\/p>\n","protected":false},"author":1,"featured_media":60,"parent":0,"menu_order":0,"comment_status":"closed","ping_status":"open","template":"","meta":{"nf_dc_page":"","om_disable_all_campaigns":false,"footnotes":""},"class_list":["post-2","page","type-page","status-publish","has-post-thumbnail","czr-hentry"],"yoast_head":"<!-- This site is optimized with the Yoast SEO plugin v27.4 - https:\/\/yoast.com\/product\/yoast-seo-wordpress\/ -->\n<title>\u00bfD\u00f3nde estamos? - CPC Adicciones<\/title>\n<meta name=\"robots\" content=\"index, follow, max-snippet:-1, max-image-preview:large, max-video-preview:-1\" \/>\n<link rel=\"canonical\" href=\"https:\/\/www.centropsicologicocpc.es\/adicciones\/sample-page\/\" \/>\n<meta property=\"og:locale\" content=\"es_ES\" \/>\n<meta property=\"og:type\" content=\"article\" \/>\n<meta property=\"og:title\" content=\"\u00bfD\u00f3nde estamos? - CPC Adicciones\" \/>\n<meta property=\"og:description\" content=\"Tenemos dos centros a su disposici\u00f3n en la ciudad de San Crist\u00f3bal de La Laguna. Avenida de Los Menceyes, 232, 1\u00aa planta. 38320. La Cuesta &#8211; La Laguna. Avenida La Candelaria, 27. Oficina 7. 38206. San Benito &#8211; La Laguna. info@centropsicologicocpc.es https:\/\/www.centropsicologicocpc.es Tel\u00e9fono: 665 300 435 facebook | LinkedIn | X\" \/>\n<meta property=\"og:url\" content=\"https:\/\/www.centropsicologicocpc.es\/adicciones\/sample-page\/\" \/>\n<meta property=\"og:site_name\" content=\"CPC Adicciones\" \/>\n<meta property=\"article:modified_time\" content=\"2024-07-04T22:55:00+00:00\" \/>\n<meta property=\"og:image\" content=\"https:\/\/www.centropsicologicocpc.es\/adicciones\/wp-content\/uploads\/2024\/07\/donde-estamos.png\" \/>\n\t<meta property=\"og:image:width\" content=\"577\" \/>\n\t<meta property=\"og:image:height\" content=\"582\" \/>\n\t<meta property=\"og:image:type\" content=\"image\/png\" \/>\n<meta name=\"twitter:card\" content=\"summary_large_image\" \/>\n<meta name=\"twitter:label1\" content=\"Tiempo de lectura\" \/>\n\t<meta name=\"twitter:data1\" content=\"1 minuto\" \/>\n<script type=\"application\/ld+json\" class=\"yoast-schema-graph\">{\"@context\":\"https:\\\/\\\/schema.org\",\"@graph\":[{\"@type\":\"WebPage\",\"@id\":\"https:\\\/\\\/www.centropsicologicocpc.es\\\/adicciones\\\/sample-page\\\/\",\"url\":\"https:\\\/\\\/www.centropsicologicocpc.es\\\/adicciones\\\/sample-page\\\/\",\"name\":\"\u00bfD\u00f3nde estamos? - CPC Adicciones\",\"isPartOf\":{\"@id\":\"https:\\\/\\\/www.centropsicologicocpc.es\\\/adicciones\\\/#website\"},\"primaryImageOfPage\":{\"@id\":\"https:\\\/\\\/www.centropsicologicocpc.es\\\/adicciones\\\/sample-page\\\/#primaryimage\"},\"image\":{\"@id\":\"https:\\\/\\\/www.centropsicologicocpc.es\\\/adicciones\\\/sample-page\\\/#primaryimage\"},\"thumbnailUrl\":\"https:\\\/\\\/i0.wp.com\\\/www.centropsicologicocpc.es\\\/adicciones\\\/wp-content\\\/uploads\\\/2024\\\/07\\\/donde-estamos.png?fit=577%2C582&ssl=1\",\"datePublished\":\"2024-07-04T20:21:45+00:00\",\"dateModified\":\"2024-07-04T22:55:00+00:00\",\"breadcrumb\":{\"@id\":\"https:\\\/\\\/www.centropsicologicocpc.es\\\/adicciones\\\/sample-page\\\/#breadcrumb\"},\"inLanguage\":\"es\",\"potentialAction\":[{\"@type\":\"ReadAction\",\"target\":[\"https:\\\/\\\/www.centropsicologicocpc.es\\\/adicciones\\\/sample-page\\\/\"]}]},{\"@type\":\"ImageObject\",\"inLanguage\":\"es\",\"@id\":\"https:\\\/\\\/www.centropsicologicocpc.es\\\/adicciones\\\/sample-page\\\/#primaryimage\",\"url\":\"https:\\\/\\\/i0.wp.com\\\/www.centropsicologicocpc.es\\\/adicciones\\\/wp-content\\\/uploads\\\/2024\\\/07\\\/donde-estamos.png?fit=577%2C582&ssl=1\",\"contentUrl\":\"https:\\\/\\\/i0.wp.com\\\/www.centropsicologicocpc.es\\\/adicciones\\\/wp-content\\\/uploads\\\/2024\\\/07\\\/donde-estamos.png?fit=577%2C582&ssl=1\",\"width\":577,\"height\":582},{\"@type\":\"BreadcrumbList\",\"@id\":\"https:\\\/\\\/www.centropsicologicocpc.es\\\/adicciones\\\/sample-page\\\/#breadcrumb\",\"itemListElement\":[{\"@type\":\"ListItem\",\"position\":1,\"name\":\"Home\",\"item\":\"https:\\\/\\\/www.centropsicologicocpc.es\\\/adicciones\\\/\"},{\"@type\":\"ListItem\",\"position\":2,\"name\":\"\u00bfD\u00f3nde estamos?\"}]},{\"@type\":\"WebSite\",\"@id\":\"https:\\\/\\\/www.centropsicologicocpc.es\\\/adicciones\\\/#website\",\"url\":\"https:\\\/\\\/www.centropsicologicocpc.es\\\/adicciones\\\/\",\"name\":\"CPC Adicciones\",\"description\":\"Tratamiento de adicciones en Canarias\",\"publisher\":{\"@id\":\"https:\\\/\\\/www.centropsicologicocpc.es\\\/adicciones\\\/#organization\"},\"potentialAction\":[{\"@type\":\"SearchAction\",\"target\":{\"@type\":\"EntryPoint\",\"urlTemplate\":\"https:\\\/\\\/www.centropsicologicocpc.es\\\/adicciones\\\/?s={search_term_string}\"},\"query-input\":{\"@type\":\"PropertyValueSpecification\",\"valueRequired\":true,\"valueName\":\"search_term_string\"}}],\"inLanguage\":\"es\"},{\"@type\":\"Organization\",\"@id\":\"https:\\\/\\\/www.centropsicologicocpc.es\\\/adicciones\\\/#organization\",\"name\":\"CPC Adicciones\",\"url\":\"https:\\\/\\\/www.centropsicologicocpc.es\\\/adicciones\\\/\",\"logo\":{\"@type\":\"ImageObject\",\"inLanguage\":\"es\",\"@id\":\"https:\\\/\\\/www.centropsicologicocpc.es\\\/adicciones\\\/#\\\/schema\\\/logo\\\/image\\\/\",\"url\":\"https:\\\/\\\/i0.wp.com\\\/www.centropsicologicocpc.es\\\/adicciones\\\/wp-content\\\/uploads\\\/2024\\\/07\\\/cropped-CPC-Adicciones-500px.png?fit=507%2C500&ssl=1\",\"contentUrl\":\"https:\\\/\\\/i0.wp.com\\\/www.centropsicologicocpc.es\\\/adicciones\\\/wp-content\\\/uploads\\\/2024\\\/07\\\/cropped-CPC-Adicciones-500px.png?fit=507%2C500&ssl=1\",\"width\":507,\"height\":500,\"caption\":\"CPC Adicciones\"},\"image\":{\"@id\":\"https:\\\/\\\/www.centropsicologicocpc.es\\\/adicciones\\\/#\\\/schema\\\/logo\\\/image\\\/\"}}]}<\/script>\n<!-- \/ Yoast SEO plugin. -->","yoast_head_json":{"title":"\u00bfD\u00f3nde estamos? - CPC Adicciones","robots":{"index":"index","follow":"follow","max-snippet":"max-snippet:-1","max-image-preview":"max-image-preview:large","max-video-preview":"max-video-preview:-1"},"canonical":"https:\/\/www.centropsicologicocpc.es\/adicciones\/sample-page\/","og_locale":"es_ES","og_type":"article","og_title":"\u00bfD\u00f3nde estamos? - CPC Adicciones","og_description":"Tenemos dos centros a su disposici\u00f3n en la ciudad de San Crist\u00f3bal de La Laguna. Avenida de Los Menceyes, 232, 1\u00aa planta. 38320. La Cuesta &#8211; La Laguna. Avenida La Candelaria, 27. Oficina 7. 38206. San Benito &#8211; La Laguna. info@centropsicologicocpc.es https:\/\/www.centropsicologicocpc.es Tel\u00e9fono: 665 300 435 facebook | LinkedIn | X","og_url":"https:\/\/www.centropsicologicocpc.es\/adicciones\/sample-page\/","og_site_name":"CPC Adicciones","article_modified_time":"2024-07-04T22:55:00+00:00","og_image":[{"width":577,"height":582,"url":"https:\/\/www.centropsicologicocpc.es\/adicciones\/wp-content\/uploads\/2024\/07\/donde-estamos.png","type":"image\/png"}],"twitter_card":"summary_large_image","twitter_misc":{"Tiempo de lectura":"1 minuto"},"schema":{"@context":"https:\/\/schema.org","@graph":[{"@type":"WebPage","@id":"https:\/\/www.centropsicologicocpc.es\/adicciones\/sample-page\/","url":"https:\/\/www.centropsicologicocpc.es\/adicciones\/sample-page\/","name":"\u00bfD\u00f3nde estamos? - CPC Adicciones","isPartOf":{"@id":"https:\/\/www.centropsicologicocpc.es\/adicciones\/#website"},"primaryImageOfPage":{"@id":"https:\/\/www.centropsicologicocpc.es\/adicciones\/sample-page\/#primaryimage"},"image":{"@id":"https:\/\/www.centropsicologicocpc.es\/adicciones\/sample-page\/#primaryimage"},"thumbnailUrl":"https:\/\/i0.wp.com\/www.centropsicologicocpc.es\/adicciones\/wp-content\/uploads\/2024\/07\/donde-estamos.png?fit=577%2C582&ssl=1","datePublished":"2024-07-04T20:21:45+00:00","dateModified":"2024-07-04T22:55:00+00:00","breadcrumb":{"@id":"https:\/\/www.centropsicologicocpc.es\/adicciones\/sample-page\/#breadcrumb"},"inLanguage":"es","potentialAction":[{"@type":"ReadAction","target":["https:\/\/www.centropsicologicocpc.es\/adicciones\/sample-page\/"]}]},{"@type":"ImageObject","inLanguage":"es","@id":"https:\/\/www.centropsicologicocpc.es\/adicciones\/sample-page\/#primaryimage","url":"https:\/\/i0.wp.com\/www.centropsicologicocpc.es\/adicciones\/wp-content\/uploads\/2024\/07\/donde-estamos.png?fit=577%2C582&ssl=1","contentUrl":"https:\/\/i0.wp.com\/www.centropsicologicocpc.es\/adicciones\/wp-content\/uploads\/2024\/07\/donde-estamos.png?fit=577%2C582&ssl=1","width":577,"height":582},{"@type":"BreadcrumbList","@id":"https:\/\/www.centropsicologicocpc.es\/adicciones\/sample-page\/#breadcrumb","itemListElement":[{"@type":"ListItem","position":1,"name":"Home","item":"https:\/\/www.centropsicologicocpc.es\/adicciones\/"},{"@type":"ListItem","position":2,"name":"\u00bfD\u00f3nde estamos?"}]},{"@type":"WebSite","@id":"https:\/\/www.centropsicologicocpc.es\/adicciones\/#website","url":"https:\/\/www.centropsicologicocpc.es\/adicciones\/","name":"CPC Adicciones","description":"Tratamiento de adicciones en Canarias","publisher":{"@id":"https:\/\/www.centropsicologicocpc.es\/adicciones\/#organization"},"potentialAction":[{"@type":"SearchAction","target":{"@type":"EntryPoint","urlTemplate":"https:\/\/www.centropsicologicocpc.es\/adicciones\/?s={search_term_string}"},"query-input":{"@type":"PropertyValueSpecification","valueRequired":true,"valueName":"search_term_string"}}],"inLanguage":"es"},{"@type":"Organization","@id":"https:\/\/www.centropsicologicocpc.es\/adicciones\/#organization","name":"CPC Adicciones","url":"https:\/\/www.centropsicologicocpc.es\/adicciones\/","logo":{"@type":"ImageObject","inLanguage":"es","@id":"https:\/\/www.centropsicologicocpc.es\/adicciones\/#\/schema\/logo\/image\/","url":"https:\/\/i0.wp.com\/www.centropsicologicocpc.es\/adicciones\/wp-content\/uploads\/2024\/07\/cropped-CPC-Adicciones-500px.png?fit=507%2C500&ssl=1","contentUrl":"https:\/\/i0.wp.com\/www.centropsicologicocpc.es\/adicciones\/wp-content\/uploads\/2024\/07\/cropped-CPC-Adicciones-500px.png?fit=507%2C500&ssl=1","width":507,"height":500,"caption":"CPC Adicciones"},"image":{"@id":"https:\/\/www.centropsicologicocpc.es\/adicciones\/#\/schema\/logo\/image\/"}}]}},"jetpack_sharing_enabled":true,"_links":{"self":[{"href":"https:\/\/www.centropsicologicocpc.es\/adicciones\/wp-json\/wp\/v2\/pages\/2","targetHints":{"allow":["GET"]}}],"collection":[{"href":"https:\/\/www.centropsicologicocpc.es\/adicciones\/wp-json\/wp\/v2\/pages"}],"about":[{"href":"https:\/\/www.centropsicologicocpc.es\/adicciones\/wp-json\/wp\/v2\/types\/page"}],"author":[{"embeddable":true,"href":"https:\/\/www.centropsicologicocpc.es\/adicciones\/wp-json\/wp\/v2\/users\/1"}],"replies":[{"embeddable":true,"href":"https:\/\/www.centropsicologicocpc.es\/adicciones\/wp-json\/wp\/v2\/comments?post=2"}],"version-history":[{"count":5,"href":"https:\/\/www.centropsicologicocpc.es\/adicciones\/wp-json\/wp\/v2\/pages\/2\/revisions"}],"predecessor-version":[{"id":43,"href":"https:\/\/www.centropsicologicocpc.es\/adicciones\/wp-json\/wp\/v2\/pages\/2\/revisions\/43"}],"wp:featuredmedia":[{"embeddable":true,"href":"https:\/\/www.centropsicologicocpc.es\/adicciones\/wp-json\/wp\/v2\/media\/60"}],"wp:attachment":[{"href":"https:\/\/www.centropsicologicocpc.es\/adicciones\/wp-json\/wp\/v2\/media?parent=2"}],"curies":[{"name":"wp","href":"https:\/\/api.w.org\/{rel}","templated":true}]}}